{"id":378,"date":"2021-03-22T12:50:40","date_gmt":"2021-03-22T09:50:40","guid":{"rendered":"https:\/\/neymarjr.org\/?page_id=378"},"modified":"2021-03-22T13:34:36","modified_gmt":"2021-03-22T10:34:36","slug":"biography","status":"publish","type":"page","link":"https:\/\/neymarjr.org\/pt-br\/biography\/","title":{"rendered":"Biografia"},"content":{"rendered":"\n<p><strong>Neymar da Silva Santos J\u00fanior<\/strong>, geralmente referido como <a href=\"\/\">Neymar ou Neymar Jr.<\/a>, nasceu em 5 de fevereiro de 1992 em <a rel=\"noreferrer noopener\" aria-label=\"Mogi das Cruzes (opens in a new tab)\" href=\"https:\/\/en.wikipedia.org\/wiki\/Mogi_das_Cruzes\" target=\"_blank\">Mogi das Cruzes<\/a>, no estado brasileiro de S\u00e3o Paulo.<\/p>\n\n\n\n<p>Ele \u00e9 um dos jogadores de futebol mais conhecidos e bem-sucedidos da atualidade, joga no <a href=\"https:\/\/www.fcbarcelona.com\/\">FC Barcelona<\/a> e \u00e9 o capit\u00e3o <a href=\"https:\/\/en.wikipedia.org\/wiki\/Brazil_national_football_team\">da sele\u00e7\u00e3o brasileira.<\/a><\/p>\n\n\n\n<p>Neymar \u00e9 um jogador muito vers\u00e1til e pode assumir muitos pap\u00e9is em campo, embora ele jogue principalmente como atacante central ou ponta-de-lan\u00e7a. A posi\u00e7\u00e3o mais comum para ele tem sido a posi\u00e7\u00e3o de atacante do lado esquerdo na forma\u00e7\u00e3o 4-3-3 utilizada tanto pela sele\u00e7\u00e3o brasileira quanto pelo Barcelona.<\/p>\n\n\n\n<p>Seu estilo criativo de drible, sua velocidade, sua capacidade de leitura do jogo e suas duas habilidades de marcar pontos s\u00e3o sua marca registrada e lhe deram as opini\u00f5es &#8220;ele ser\u00e1 o melhor do mundo&#8221; tanto de <a href=\"https:\/\/www.goal.com\/en-us\/news\/82\/south-america\/2012\/12\/07\/3586215\/ronaldinho-neymar-will-be-the-best-in-the-world\">Ronaldinho<\/a> quanto de Messi.<\/p>\n\n\n\n<p><strong>SANTOS FC<\/strong><\/p>\n\n\n\n<p>Neymar come\u00e7ou sua carreira jogando na escolinha do <a href=\"https:\/\/santosfc.com.br\/\">Santos FC<\/a>, onde assinou imediatamente um contrato com a equipe em 2003, aos 11 anos de idade. O Santos \u00e9 um dos principais times de futebol do Brasil que trouxe ao futebol alguns superastros como Pel\u00e9, Zito, Robinho, Lima, Pepe, Coutinho, Clodoaldo, Diego, Elano, Alex, entre outros.<\/p>\n\n\n\n<p>Neymar foi para a Espanha aos 14 anos de idade para jogar pela equipe juvenil do Real Madrid que imediatamente gostou de Neymar e viu o potencial nele, mas Neymar Sr. &#8211; seu pai &#8211; tinha outras id\u00e9ias, e queria que ele crescesse no Brasil.<\/p>\n\n\n\n<p>Neymar teve sua estr\u00e9ia profissional em 7 de mar\u00e7o <strong>de 2009 com 17<\/strong> anos de idade para o Santos FC. Na semana seguinte, ele marcou seu primeiro gol como jogador profissional e, ao final de sua primeira temporada, j\u00e1 tinha 14 gols em 48 jogos disputados.<\/p>\n\n\n\n<p><strong>Neymar debuts Satos professional<\/strong><\/p>\n\n\n\n<p>Ele continuou melhorando enquanto estava no Santos e no ano ap\u00f3s sua estr\u00e9ia marcou 42 gols em 60 partidas e recebeu o pr\u00eamio de melhor jogador do Campeonato Paulista de 2010. No mesmo ano, o Santos <a href=\"https:\/\/www.skysports.com\/football\/news\/11668\/6313845\/chelsea-continue-neymar-chase\">recusou uma proposta de 12 milh\u00f5es<\/a> de libras do West Ham e, mais tarde naquele ano, recusou mais uma vez uma proposta do Chelsea de cerca de 25 milh\u00f5es de libras, pois Neymar perdeu suas primeiras oportunidades de ir para a Europa. Para terminar 2010 em grande estilo, em dezembro ele ficou em terceiro lugar para o Futebolista Sul-Americano do Ano 2010, atr\u00e1s de Andr\u00e9s D&#8217;Alessandro e Juan Sebasti\u00e1n Ver\u00f3n. Ele tinha apenas 18 anos na \u00e9poca!<\/p>\n\n\n\n<p>Em 2011 Neymar continuou sua ascens\u00e3o em termos de estilo, apesar de seu recorde de gols ter ca\u00eddo em rela\u00e7\u00e3o a 2010, com 24 gols em 47 partidas. Ele foi possivelmente o melhor jogador a jogar pela sele\u00e7\u00e3o brasileira na Copa Am\u00e9rica de 2011 na Argentina, onde o Brasil foi eliminado nas quartas-de-final contra o Paraguai. Ele marcou 6 gols na Copa Libertadores 2011 e foi uma figura importante na primeira vit\u00f3ria do Santos na Copa desde 1963 (quando Pel\u00e9 estava jogando pelo Santos). Na Copa do Mundo de Clubes da FIFA 2011, o Santos FC perdeu na final contra o FC Barcelona, onde Neymar n\u00e3o conseguiu marcar nenhum gol, apesar da grande campanha que havia feito na competi\u00e7\u00e3o naquele ano.<\/p>\n\n\n\n<p><strong>Neymar Copa America 2011<\/strong><\/p>\n\n\n\n<p>Em novembro de 2011 Neymar prorrogou seu contrato at\u00e9 o final de 2014, aumentando seu sal\u00e1rio para n\u00edveis que somente os principais clubes europeus s\u00e3o normalmente capazes de pagar. Nesse mesmo ano, ele ganhou o pr\u00eamio de Jogador de Futebol Sul-Americano do Ano de 2011.<\/p>\n\n\n\n<p>A temporada 2012 traz muitos recordes para Neymar, pois ele marcou 43 gols em 47 partidas no total, com 9 gols incr\u00edveis nos 14 jogos que disputou na Copa Libertadores de 2012. Em seu 20\u00ba anivers\u00e1rio, 5 de fevereiro de 2012, ele marcou seu 100\u00ba gol profissional.<\/p>\n\n\n\n<p>Santos foi o campe\u00e3o do Campeonato Paulista de 2012 e Neymar foi premiado como Melhor jogador e Melhor Atacante da competi\u00e7\u00e3o, com 20 gols. Ele foi eleito o Melhor Jogador da Recopa Sudamericana 2012. Ele tamb\u00e9m ganhou o Melhor Jogador Sul-Americano do Ano de 2012, pela segunda vez consecutiva.<\/p>\n\n\n\n<p>Neymar terminou 2012 recebendo mais 3 pr\u00eamios, a Bola de Ouro, o Pr\u00eamio Arthur Friedenreich e o Trof\u00e9u Armando Nogueira.<\/p>\n\n\n\n<p>No final de 2012 \/ in\u00edcio de 2013 surgem os primeiros rumores sobre o interesse do Barcelona FC pelo Neymar, embora o pr\u00f3prio jogador tenha negado qualquer acordo entre ele e o Barcelona.<\/p>\n\n\n\n<p>Na temporada 2013, Neymar come\u00e7ou a jogar em alto n\u00edvel no Santos, marcando muitos gols e se classificando para mais um ano de recordes nas ligas brasileiras, mas, em 25 de abril de 2013, <a href=\"https:\/\/neymarjr.org\/pt-br\/privado\/neymar-father-sr-neymar\/\">pai<\/a> e agente revelou que Neymar queria jogar em um clube de ponta na Europa antes da Copa de Wolrd da FIFA 2014.<\/p>\n\n\n\n<p>Sua \u00faltima partida pelo Santos foi contra o Flamengo em 26 de maio de 2013, e o amor que Neymar tinha por sua equipe era bem vis\u00edvel atrav\u00e9s das l\u00e1grimas que ele deixou cair durante o hino nacional antes da partida.<\/p>\n\n\n\n<p><strong>BARCELONA<\/strong><\/p>\n\n\n\n<p>Em junho de 2013 Neymar assinou um contrato de 5 anos com o FC Barcelona e foi revelado aos torcedores do Barcelona no dia 3 de junho de 2013, criando um recorde de p\u00fablico brasileiro de 56.500 torcedores. Sua taxa de transfer\u00eancia ainda \u00e9 uma quest\u00e3o sens\u00edvel e algumas investiga\u00e7\u00f5es do Minist\u00e9rio P\u00fablico foram realizadas sobre este assunto, mas na ocasi\u00e3o foi declarado que ele foi transferido por um total de 57 milh\u00f5es de euros e sua cl\u00e1usula de libera\u00e7\u00e3o foi fixada em 190 milh\u00f5es de euros. Seu sal\u00e1rio aumentou para cerca de 17,6 milh\u00f5es de euros por ano e em 2014 ele recebeu 16 milh\u00f5es de euros em endossos da Nike, Panasonic, Volkswagen e outros.<\/p>\n\n\n\n<p><strong>Neymar Barcelona presentation<\/strong><\/p>\n\n\n\n<p>Durante a temporada 2013\/2014 no Barcelona Neymar marcou um total de 15 gols em 41 jogos, incluindo 9 gols no La Liga e 4 na Liga dos Campe\u00f5es. Ele marcou seu primeiro gol em um &#8220;Classico&#8221; na vit\u00f3ria de 2&#215;1 contra o Real Madrid em 26 de outubro de 2013.<\/p>\n\n\n\n<p>Na <a href=\"https:\/\/www.fifa.com\/worldcup\/index.html\">Copa do Mundo de 2014 no Brasil<\/a>, Neymar foi o astro brasileiro mais brilhante at\u00e9 se <a href=\"https:\/\/www.telegraph.co.uk\/sport\/football\/world-cup\/10948164\/World-Cup-2014-emotional-scenes-as-team-mates-comfort-injured-Neymar.html\">contundir<\/a> no jogo das quartas de final contra a Col\u00f4mbia e n\u00e3o p\u00f4de jogar nas semifinais, nas quais o Brasil acabou sendo eliminado (e humilhado) pelo logo campe\u00e3o mundial de futebol da Alemanha. Alguns especularam que isso seria diferente caso Neymar tivesse jogado, assim como a influ\u00eancia de Neymar sobre a sele\u00e7\u00e3o brasileira. Neymar <a href=\"https:\/\/www.fifa.com\/worldcup\/players\/player=314197\/index.html\">terminou<\/a> a WC2014 sendo o homem da partida em 2 dos 5 jogos e marcou um total de 4 gols.<\/p>\n\n\n\n<p><strong>Neymar WC2014<\/strong><\/p>\n\n\n\n<p>By the end of the 2014 World Cup, Neymar had a total of 36 goals scored in 56 matches representing his country.<\/p>\n\n\n\n<p>A temporada 2014\/2015 est\u00e1 agora no in\u00edcio, portanto atualizaremos sua biografia no final da temporada.<\/p>\n\n\n\n<p><strong>PRIVAT LIFE<\/strong><\/p>\n\n\n\n<p>Como filho de um jogador profissional de futebol com sucesso limitado, Neymar seguiu os passos de seu pai desde crian\u00e7a, desenvolvendo sua paix\u00e3o pelo futebol jogando nas ruas e nos corredores internos, e sempre apoiado por ambos os pais. O constante bom humor de seus pais e sua forte cren\u00e7a religiosa foi transmitida com sucesso ao filho Neymar, que geralmente \u00e9 visto em fotos mostrando um rosto sorridente e brincando com seus colegas.<\/p>\n\n\n\n<p>Neymar namorou Carolina Dantas, e mais tarde, enquanto j\u00e1 estavam separados, ele se tornou pai de seu filho &#8211; David Lucca &#8211; que nasceu em S\u00e3o Paulo em 24 de agosto de 2011. A m\u00e3e tinha apenas 17 anos de idade na \u00e9poca do nascimento.<\/p>\n\n\n\n<p>Neymar David Lucca nascimento<\/p>\n\n\n\n<p>Em 2013 e per\u00edodos de 2014 ele namorou Bruna Marquezine e havia rumores de que ele tinha uma rela\u00e7\u00e3o com Gabriella Lenzi em algum lugar durante 2014. No final de 2014 n\u00e3o est\u00e1 claro com quem ele est\u00e1 realmente namorando.<\/p>\n\n\n\n<p>Neymar \u00e9 um crist\u00e3o confesso e dedicado. Os posts que ele costuma escrever em suas p\u00e1ginas de instagrama e twitter mostram essa devo\u00e7\u00e3o. No in\u00edcio de 2014 ele escreveu em um coment\u00e1rio a um selfie &#8220;Obrigado, Jesus por mais um dia de alegria Obrigado, Jesus por mais um dia de vit\u00f3ria Obrigado, Jesus por conceder sabedoria E de mudar a minha hist\u00f3ria Obrigado&#8221;, meu Jesus Obrigado,Jesus por me ajudar o mal vencer Obrigado,meu Jesus por meu direito de viver Obrigado,Jesus por todo bem que o Senhor faz E de me dar sa\u00fade e paz&#8221; que significa &#8220;Obrigado Jesus por mais um dia de alegria&#8221;. Obrigado, Jesus por mais um dia de vit\u00f3ria. Obrigado, Jesus por conceder conhecimento e mudar minha hist\u00f3ria. Obrigado, meu Jesus. Obrigado Jesus por me ajudar a vencer o mal.  Obrigado, meu Jesus, por meu direito \u00e0 vida. Obrigado Jesus por todo o bem que o Senhor faz e por me dar sa\u00fade e paz&#8221;.<\/p>\n\n\n\n<p>Supostamente, sua cren\u00e7a em Cristo o levou a doar 10% de todos os seus ganhos durante toda a sua vida, desde que era crian\u00e7a.<\/p>\n","protected":false},"excerpt":{"rendered":"<p>Neymar da Silva Santos J\u00fanior, geralmente referido como Neymar ou Neymar Jr., nasceu em 5 de fevereiro de 1992 em Mogi das Cruzes, no estado &hellip; <\/p>\n","protected":false},"author":3,"featured_media":381,"parent":0,"menu_order":0,"comment_status":"closed","ping_status":"open","template":"","meta":{"footnotes":""},"class_list":["post-378","page","type-page","status-publish","has-post-thumbnail","hentry"],"yoast_head":"<!-- This site is optimized with the Yoast SEO plugin v26.5 - https:\/\/yoast.com\/wordpress\/plugins\/seo\/ -->\n<title>Neymar&#039;s BIOgraphy<\/title>\n<meta name=\"description\" content=\"eymar da Silva Santos J\u00fanior, geralmente referido como Neymar ou Neymar Jr., nasceu em 5 de fevereiro de 1992 em Mogi das Cruzes, no estado brasileiro de S\u00e3o Paulo.\" \/>\n<meta name=\"robots\" content=\"index, follow, max-snippet:-1, max-image-preview:large, max-video-preview:-1\" \/>\n<link rel=\"canonical\" href=\"https:\/\/neymarjr.org\/pt-br\/biography\/\" \/>\n<meta property=\"og:locale\" content=\"pt_BR\" \/>\n<meta property=\"og:type\" content=\"article\" \/>\n<meta property=\"og:title\" content=\"Neymar&#039;s BIOgraphy\" \/>\n<meta property=\"og:description\" content=\"eymar da Silva Santos J\u00fanior, geralmente referido como Neymar ou Neymar Jr., nasceu em 5 de fevereiro de 1992 em Mogi das Cruzes, no estado brasileiro de S\u00e3o Paulo.\" \/>\n<meta property=\"og:url\" content=\"https:\/\/neymarjr.org\/pt-br\/biography\/\" \/>\n<meta property=\"og:site_name\" content=\"N\u0435ym\u0430r\" \/>\n<meta property=\"article:modified_time\" content=\"2021-03-22T10:34:36+00:00\" \/>\n<meta property=\"og:image\" content=\"https:\/\/neymarjr.org\/wp-content\/uploads\/2021\/03\/Rectangle-22.jpg\" \/>\n\t<meta property=\"og:image:width\" content=\"445\" \/>\n\t<meta property=\"og:image:height\" content=\"265\" \/>\n\t<meta property=\"og:image:type\" content=\"image\/jpeg\" \/>\n<meta name=\"twitter:card\" content=\"summary_large_image\" \/>\n<meta name=\"twitter:label1\" content=\"Est. tempo de leitura\" \/>\n\t<meta name=\"twitter:data1\" content=\"7 minutos\" \/>\n<script type=\"application\/ld+json\" class=\"yoast-schema-graph\">{\"@context\":\"https:\/\/schema.org\",\"@graph\":[{\"@type\":\"WebPage\",\"@id\":\"https:\/\/neymarjr.org\/pt-br\/biography\/\",\"url\":\"https:\/\/neymarjr.org\/pt-br\/biography\/\",\"name\":\"Neymar's BIOgraphy\",\"isPartOf\":{\"@id\":\"https:\/\/neymarjr.org\/#website\"},\"primaryImageOfPage\":{\"@id\":\"https:\/\/neymarjr.org\/pt-br\/biography\/#primaryimage\"},\"image\":{\"@id\":\"https:\/\/neymarjr.org\/pt-br\/biography\/#primaryimage\"},\"thumbnailUrl\":\"https:\/\/neymarjr.org\/wp-content\/uploads\/2021\/03\/Rectangle-22.jpg\",\"datePublished\":\"2021-03-22T09:50:40+00:00\",\"dateModified\":\"2021-03-22T10:34:36+00:00\",\"description\":\"eymar da Silva Santos J\u00fanior, geralmente referido como Neymar ou Neymar Jr., nasceu em 5 de fevereiro de 1992 em Mogi das Cruzes, no estado brasileiro de S\u00e3o Paulo.\",\"breadcrumb\":{\"@id\":\"https:\/\/neymarjr.org\/pt-br\/biography\/#breadcrumb\"},\"inLanguage\":\"pt-BR\",\"potentialAction\":[{\"@type\":\"ReadAction\",\"target\":[\"https:\/\/neymarjr.org\/pt-br\/biography\/\"]}]},{\"@type\":\"ImageObject\",\"inLanguage\":\"pt-BR\",\"@id\":\"https:\/\/neymarjr.org\/pt-br\/biography\/#primaryimage\",\"url\":\"https:\/\/neymarjr.org\/wp-content\/uploads\/2021\/03\/Rectangle-22.jpg\",\"contentUrl\":\"https:\/\/neymarjr.org\/wp-content\/uploads\/2021\/03\/Rectangle-22.jpg\",\"width\":445,\"height\":265},{\"@type\":\"BreadcrumbList\",\"@id\":\"https:\/\/neymarjr.org\/pt-br\/biography\/#breadcrumb\",\"itemListElement\":[{\"@type\":\"ListItem\",\"position\":1,\"name\":\"Home\",\"item\":\"https:\/\/neymarjr.org\/\"},{\"@type\":\"ListItem\",\"position\":2,\"name\":\"Biografia\"}]},{\"@type\":\"WebSite\",\"@id\":\"https:\/\/neymarjr.org\/#website\",\"url\":\"https:\/\/neymarjr.org\/\",\"name\":\"N\u0435ym\u0430r\",\"description\":\"\",\"publisher\":{\"@id\":\"https:\/\/neymarjr.org\/#organization\"},\"potentialAction\":[{\"@type\":\"SearchAction\",\"target\":{\"@type\":\"EntryPoint\",\"urlTemplate\":\"https:\/\/neymarjr.org\/?s={search_term_string}\"},\"query-input\":{\"@type\":\"PropertyValueSpecification\",\"valueRequired\":true,\"valueName\":\"search_term_string\"}}],\"inLanguage\":\"pt-BR\"},{\"@type\":\"Organization\",\"@id\":\"https:\/\/neymarjr.org\/#organization\",\"name\":\"N\u0435ym\u0430r\",\"url\":\"https:\/\/neymarjr.org\/\",\"logo\":{\"@type\":\"ImageObject\",\"inLanguage\":\"pt-BR\",\"@id\":\"https:\/\/neymarjr.org\/#\/schema\/logo\/image\/\",\"url\":\"https:\/\/neymarjr.org\/wp-content\/uploads\/2021\/03\/Group-31.png\",\"contentUrl\":\"https:\/\/neymarjr.org\/wp-content\/uploads\/2021\/03\/Group-31.png\",\"width\":154,\"height\":36,\"caption\":\"N\u0435ym\u0430r\"},\"image\":{\"@id\":\"https:\/\/neymarjr.org\/#\/schema\/logo\/image\/\"}}]}<\/script>\n<!-- \/ Yoast SEO plugin. -->","yoast_head_json":{"title":"Neymar's BIOgraphy","description":"eymar da Silva Santos J\u00fanior, geralmente referido como Neymar ou Neymar Jr., nasceu em 5 de fevereiro de 1992 em Mogi das Cruzes, no estado brasileiro de S\u00e3o Paulo.","robots":{"index":"index","follow":"follow","max-snippet":"max-snippet:-1","max-image-preview":"max-image-preview:large","max-video-preview":"max-video-preview:-1"},"canonical":"https:\/\/neymarjr.org\/pt-br\/biography\/","og_locale":"pt_BR","og_type":"article","og_title":"Neymar's BIOgraphy","og_description":"eymar da Silva Santos J\u00fanior, geralmente referido como Neymar ou Neymar Jr., nasceu em 5 de fevereiro de 1992 em Mogi das Cruzes, no estado brasileiro de S\u00e3o Paulo.","og_url":"https:\/\/neymarjr.org\/pt-br\/biography\/","og_site_name":"N\u0435ym\u0430r","article_modified_time":"2021-03-22T10:34:36+00:00","og_image":[{"width":445,"height":265,"url":"https:\/\/neymarjr.org\/wp-content\/uploads\/2021\/03\/Rectangle-22.jpg","type":"image\/jpeg"}],"twitter_card":"summary_large_image","twitter_misc":{"Est. tempo de leitura":"7 minutos"},"schema":{"@context":"https:\/\/schema.org","@graph":[{"@type":"WebPage","@id":"https:\/\/neymarjr.org\/pt-br\/biography\/","url":"https:\/\/neymarjr.org\/pt-br\/biography\/","name":"Neymar's BIOgraphy","isPartOf":{"@id":"https:\/\/neymarjr.org\/#website"},"primaryImageOfPage":{"@id":"https:\/\/neymarjr.org\/pt-br\/biography\/#primaryimage"},"image":{"@id":"https:\/\/neymarjr.org\/pt-br\/biography\/#primaryimage"},"thumbnailUrl":"https:\/\/neymarjr.org\/wp-content\/uploads\/2021\/03\/Rectangle-22.jpg","datePublished":"2021-03-22T09:50:40+00:00","dateModified":"2021-03-22T10:34:36+00:00","description":"eymar da Silva Santos J\u00fanior, geralmente referido como Neymar ou Neymar Jr., nasceu em 5 de fevereiro de 1992 em Mogi das Cruzes, no estado brasileiro de S\u00e3o Paulo.","breadcrumb":{"@id":"https:\/\/neymarjr.org\/pt-br\/biography\/#breadcrumb"},"inLanguage":"pt-BR","potentialAction":[{"@type":"ReadAction","target":["https:\/\/neymarjr.org\/pt-br\/biography\/"]}]},{"@type":"ImageObject","inLanguage":"pt-BR","@id":"https:\/\/neymarjr.org\/pt-br\/biography\/#primaryimage","url":"https:\/\/neymarjr.org\/wp-content\/uploads\/2021\/03\/Rectangle-22.jpg","contentUrl":"https:\/\/neymarjr.org\/wp-content\/uploads\/2021\/03\/Rectangle-22.jpg","width":445,"height":265},{"@type":"BreadcrumbList","@id":"https:\/\/neymarjr.org\/pt-br\/biography\/#breadcrumb","itemListElement":[{"@type":"ListItem","position":1,"name":"Home","item":"https:\/\/neymarjr.org\/"},{"@type":"ListItem","position":2,"name":"Biografia"}]},{"@type":"WebSite","@id":"https:\/\/neymarjr.org\/#website","url":"https:\/\/neymarjr.org\/","name":"N\u0435ym\u0430r","description":"","publisher":{"@id":"https:\/\/neymarjr.org\/#organization"},"potentialAction":[{"@type":"SearchAction","target":{"@type":"EntryPoint","urlTemplate":"https:\/\/neymarjr.org\/?s={search_term_string}"},"query-input":{"@type":"PropertyValueSpecification","valueRequired":true,"valueName":"search_term_string"}}],"inLanguage":"pt-BR"},{"@type":"Organization","@id":"https:\/\/neymarjr.org\/#organization","name":"N\u0435ym\u0430r","url":"https:\/\/neymarjr.org\/","logo":{"@type":"ImageObject","inLanguage":"pt-BR","@id":"https:\/\/neymarjr.org\/#\/schema\/logo\/image\/","url":"https:\/\/neymarjr.org\/wp-content\/uploads\/2021\/03\/Group-31.png","contentUrl":"https:\/\/neymarjr.org\/wp-content\/uploads\/2021\/03\/Group-31.png","width":154,"height":36,"caption":"N\u0435ym\u0430r"},"image":{"@id":"https:\/\/neymarjr.org\/#\/schema\/logo\/image\/"}}]}},"_links":{"self":[{"href":"https:\/\/neymarjr.org\/pt-br\/wp-json\/wp\/v2\/pages\/378","targetHints":{"allow":["GET"]}}],"collection":[{"href":"https:\/\/neymarjr.org\/pt-br\/wp-json\/wp\/v2\/pages"}],"about":[{"href":"https:\/\/neymarjr.org\/pt-br\/wp-json\/wp\/v2\/types\/page"}],"author":[{"embeddable":true,"href":"https:\/\/neymarjr.org\/pt-br\/wp-json\/wp\/v2\/users\/3"}],"replies":[{"embeddable":true,"href":"https:\/\/neymarjr.org\/pt-br\/wp-json\/wp\/v2\/comments?post=378"}],"version-history":[{"count":2,"href":"https:\/\/neymarjr.org\/pt-br\/wp-json\/wp\/v2\/pages\/378\/revisions"}],"predecessor-version":[{"id":524,"href":"https:\/\/neymarjr.org\/pt-br\/wp-json\/wp\/v2\/pages\/378\/revisions\/524"}],"wp:featuredmedia":[{"embeddable":true,"href":"https:\/\/neymarjr.org\/pt-br\/wp-json\/wp\/v2\/media\/381"}],"wp:attachment":[{"href":"https:\/\/neymarjr.org\/pt-br\/wp-json\/wp\/v2\/media?parent=378"}],"curies":[{"name":"wp","href":"https:\/\/api.w.org\/{rel}","templated":true}]}}