{"id":382,"date":"2021-03-22T12:51:36","date_gmt":"2021-03-22T09:51:36","guid":{"rendered":"https:\/\/neymarjr.org\/?page_id=382"},"modified":"2021-05-11T12:41:55","modified_gmt":"2021-05-11T09:41:55","slug":"neymar-salary","status":"publish","type":"page","link":"https:\/\/neymarjr.org\/pt-br\/neymar-salary\/","title":{"rendered":"Sal\u00e1rio de Neymar"},"content":{"rendered":"\n<figure class=\"wp-block-image\"><img loading=\"lazy\" decoding=\"async\" width=\"750\" height=\"400\" src=\"https:\/\/neymarjr.org\/wp-content\/uploads\/2021\/03\/Neymar-Salary-featured-750x400.jpg\" alt=\"Neymar salary\" class=\"wp-image-164\" srcset=\"https:\/\/neymarjr.org\/wp-content\/uploads\/2021\/03\/Neymar-Salary-featured-750x400.jpg 750w, https:\/\/neymarjr.org\/wp-content\/uploads\/2021\/03\/Neymar-Salary-featured-750x400-300x160.jpg 300w\" sizes=\"auto, (max-width: 750px) 100vw, 750px\" \/><\/figure>\n\n\n\n<p>De acordo com a <a href=\"https:\/\/web.archive.org\/web\/20161107192029\/http:\/\/www.forbes.com\/profile\/neymar\/\">Forbes<\/a>, Neymar destina um montante estimado de $95,5 milh\u00f5es:<\/p>\n\n\n\n<p>\u2013 <strong>Sal\u00e1rio <\/strong>de Barcelona: <strong>$17,6 M<\/strong><br> \u2013 <strong>Endossos <\/strong>(acordos publicit\u00e1rios): <strong>$16 M<\/strong><\/p>\n\n\n\n<h4 class=\"wp-block-heading\">Coisas que voc\u00ea poderia comprar com 33,6 milh\u00f5es de d\u00f3lares:<\/h4>\n\n\n\n<p><strong>\u00a0-135 x Ferrari458<\/strong><\/p>\n\n\n\n<figure class=\"wp-block-image\"><img loading=\"lazy\" decoding=\"async\" width=\"636\" height=\"382\" src=\"https:\/\/neymarjr.org\/wp-content\/uploads\/2021\/03\/Neymar-car.jpg\" alt=\"Neymar Car\" class=\"wp-image-165\" srcset=\"https:\/\/neymarjr.org\/wp-content\/uploads\/2021\/03\/Neymar-car.jpg 636w, https:\/\/neymarjr.org\/wp-content\/uploads\/2021\/03\/Neymar-car-300x180.jpg 300w\" sizes=\"auto, (max-width: 636px) 100vw, 636px\" \/><\/figure>\n\n\n\n<h4 class=\"wp-block-heading\">Casa Neymar nos EUA &#8211; $10M<\/h4>\n\n\n\n<figure class=\"wp-block-image\"><img loading=\"lazy\" decoding=\"async\" width=\"660\" height=\"440\" src=\"https:\/\/neymarjr.org\/wp-content\/uploads\/2021\/03\/Neymar-House.png\" alt=\"Neymar house\" class=\"wp-image-166\" srcset=\"https:\/\/neymarjr.org\/wp-content\/uploads\/2021\/03\/Neymar-House.png 660w, https:\/\/neymarjr.org\/wp-content\/uploads\/2021\/03\/Neymar-House-300x200.png 300w\" sizes=\"auto, (max-width: 660px) 100vw, 660px\" \/><\/figure>\n\n\n\n<h4 class=\"wp-block-heading\">Iate &#8211; $4M<\/h4>\n\n\n\n<figure class=\"wp-block-image\"><img loading=\"lazy\" decoding=\"async\" width=\"600\" height=\"465\" src=\"https:\/\/neymarjr.org\/wp-content\/uploads\/2021\/03\/neymar-yacht.jpg\" alt=\"Neymar yacht\" class=\"wp-image-167\" srcset=\"https:\/\/neymarjr.org\/wp-content\/uploads\/2021\/03\/neymar-yacht.jpg 600w, https:\/\/neymarjr.org\/wp-content\/uploads\/2021\/03\/neymar-yacht-300x233.jpg 300w\" sizes=\"auto, (max-width: 600px) 100vw, 600px\" \/><\/figure>\n\n\n\n<h4 class=\"wp-block-heading\">Jato privado Neymar &#8211; $14.25<\/h4>\n\n\n\n<figure class=\"wp-block-image\"><img loading=\"lazy\" decoding=\"async\" width=\"1024\" height=\"513\" src=\"https:\/\/neymarjr.org\/wp-content\/uploads\/2021\/03\/Jet-1024x513.jpg\" alt=\"Neymar private jet\" class=\"wp-image-170\" srcset=\"https:\/\/neymarjr.org\/wp-content\/uploads\/2021\/03\/Jet-1024x513.jpg 1024w, https:\/\/neymarjr.org\/wp-content\/uploads\/2021\/03\/Jet-300x150.jpg 300w, https:\/\/neymarjr.org\/wp-content\/uploads\/2021\/03\/Jet-768x385.jpg 768w, https:\/\/neymarjr.org\/wp-content\/uploads\/2021\/03\/Jet.jpg 1468w\" sizes=\"auto, (max-width: 1024px) 100vw, 1024px\" \/><\/figure>\n\n\n\n<h4 class=\"wp-block-heading\">Ilha Neymar &#8211; $66M &#8211; Niyama nas Maldivas<\/h4>\n\n\n\n<figure class=\"wp-block-image\"><img loading=\"lazy\" decoding=\"async\" width=\"1024\" height=\"768\" src=\"https:\/\/neymarjr.org\/wp-content\/uploads\/2021\/03\/Neymar-private-island-1024x768.jpg\" alt=\"Island\" class=\"wp-image-173\" srcset=\"https:\/\/neymarjr.org\/wp-content\/uploads\/2021\/03\/Neymar-private-island-1024x768.jpg 1024w, https:\/\/neymarjr.org\/wp-content\/uploads\/2021\/03\/Neymar-private-island-300x225.jpg 300w, https:\/\/neymarjr.org\/wp-content\/uploads\/2021\/03\/Neymar-private-island-768x576.jpg 768w, https:\/\/neymarjr.org\/wp-content\/uploads\/2021\/03\/Neymar-private-island.jpg 1200w\" sizes=\"auto, (max-width: 1024px) 100vw, 1024px\" \/><\/figure>\n","protected":false},"excerpt":{"rendered":"<p>De acordo com a Forbes, Neymar destina um montante estimado de $95,5 milh\u00f5es: \u2013 Sal\u00e1rio de Barcelona: $17,6 M \u2013 Endossos (acordos publicit\u00e1rios): $16 M &hellip; <\/p>\n","protected":false},"author":3,"featured_media":0,"parent":0,"menu_order":0,"comment_status":"closed","ping_status":"closed","template":"","meta":{"footnotes":""},"class_list":["post-382","page","type-page","status-publish","hentry"],"yoast_head":"<!-- This site is optimized with the Yoast SEO plugin v26.5 - https:\/\/yoast.com\/wordpress\/plugins\/seo\/ -->\n<title>Sal\u00e1rio de Neymar - N\u0435ym\u0430r<\/title>\n<meta name=\"robots\" content=\"index, follow, max-snippet:-1, max-image-preview:large, max-video-preview:-1\" \/>\n<link rel=\"canonical\" href=\"https:\/\/neymarjr.org\/pt-br\/neymar-salary\/\" \/>\n<meta property=\"og:locale\" content=\"pt_BR\" \/>\n<meta property=\"og:type\" content=\"article\" \/>\n<meta property=\"og:title\" content=\"Sal\u00e1rio de Neymar - N\u0435ym\u0430r\" \/>\n<meta property=\"og:description\" content=\"De acordo com a Forbes, Neymar destina um montante estimado de $95,5 milh\u00f5es: \u2013 Sal\u00e1rio de Barcelona: $17,6 M \u2013 Endossos (acordos publicit\u00e1rios): $16 M &hellip;\" \/>\n<meta property=\"og:url\" content=\"https:\/\/neymarjr.org\/pt-br\/neymar-salary\/\" \/>\n<meta property=\"og:site_name\" content=\"N\u0435ym\u0430r\" \/>\n<meta property=\"article:modified_time\" content=\"2021-05-11T09:41:55+00:00\" \/>\n<meta property=\"og:image\" content=\"https:\/\/neymarjr.org\/wp-content\/uploads\/2021\/03\/Neymar-Salary-featured-750x400.jpg\" \/>\n<meta name=\"twitter:card\" content=\"summary_large_image\" \/>\n<script type=\"application\/ld+json\" class=\"yoast-schema-graph\">{\"@context\":\"https:\/\/schema.org\",\"@graph\":[{\"@type\":\"WebPage\",\"@id\":\"https:\/\/neymarjr.org\/pt-br\/neymar-salary\/\",\"url\":\"https:\/\/neymarjr.org\/pt-br\/neymar-salary\/\",\"name\":\"Sal\u00e1rio de Neymar - N\u0435ym\u0430r\",\"isPartOf\":{\"@id\":\"https:\/\/neymarjr.org\/#website\"},\"primaryImageOfPage\":{\"@id\":\"https:\/\/neymarjr.org\/pt-br\/neymar-salary\/#primaryimage\"},\"image\":{\"@id\":\"https:\/\/neymarjr.org\/pt-br\/neymar-salary\/#primaryimage\"},\"thumbnailUrl\":\"https:\/\/neymarjr.org\/wp-content\/uploads\/2021\/03\/Neymar-Salary-featured-750x400.jpg\",\"datePublished\":\"2021-03-22T09:51:36+00:00\",\"dateModified\":\"2021-05-11T09:41:55+00:00\",\"breadcrumb\":{\"@id\":\"https:\/\/neymarjr.org\/pt-br\/neymar-salary\/#breadcrumb\"},\"inLanguage\":\"pt-BR\",\"potentialAction\":[{\"@type\":\"ReadAction\",\"target\":[\"https:\/\/neymarjr.org\/pt-br\/neymar-salary\/\"]}]},{\"@type\":\"ImageObject\",\"inLanguage\":\"pt-BR\",\"@id\":\"https:\/\/neymarjr.org\/pt-br\/neymar-salary\/#primaryimage\",\"url\":\"https:\/\/neymarjr.org\/wp-content\/uploads\/2021\/03\/Neymar-Salary-featured-750x400.jpg\",\"contentUrl\":\"https:\/\/neymarjr.org\/wp-content\/uploads\/2021\/03\/Neymar-Salary-featured-750x400.jpg\"},{\"@type\":\"BreadcrumbList\",\"@id\":\"https:\/\/neymarjr.org\/pt-br\/neymar-salary\/#breadcrumb\",\"itemListElement\":[{\"@type\":\"ListItem\",\"position\":1,\"name\":\"Home\",\"item\":\"https:\/\/neymarjr.org\/\"},{\"@type\":\"ListItem\",\"position\":2,\"name\":\"Sal\u00e1rio de Neymar\"}]},{\"@type\":\"WebSite\",\"@id\":\"https:\/\/neymarjr.org\/#website\",\"url\":\"https:\/\/neymarjr.org\/\",\"name\":\"N\u0435ym\u0430r\",\"description\":\"\",\"publisher\":{\"@id\":\"https:\/\/neymarjr.org\/#organization\"},\"potentialAction\":[{\"@type\":\"SearchAction\",\"target\":{\"@type\":\"EntryPoint\",\"urlTemplate\":\"https:\/\/neymarjr.org\/?s={search_term_string}\"},\"query-input\":{\"@type\":\"PropertyValueSpecification\",\"valueRequired\":true,\"valueName\":\"search_term_string\"}}],\"inLanguage\":\"pt-BR\"},{\"@type\":\"Organization\",\"@id\":\"https:\/\/neymarjr.org\/#organization\",\"name\":\"N\u0435ym\u0430r\",\"url\":\"https:\/\/neymarjr.org\/\",\"logo\":{\"@type\":\"ImageObject\",\"inLanguage\":\"pt-BR\",\"@id\":\"https:\/\/neymarjr.org\/#\/schema\/logo\/image\/\",\"url\":\"https:\/\/neymarjr.org\/wp-content\/uploads\/2021\/03\/Group-31.png\",\"contentUrl\":\"https:\/\/neymarjr.org\/wp-content\/uploads\/2021\/03\/Group-31.png\",\"width\":154,\"height\":36,\"caption\":\"N\u0435ym\u0430r\"},\"image\":{\"@id\":\"https:\/\/neymarjr.org\/#\/schema\/logo\/image\/\"}}]}<\/script>\n<!-- \/ Yoast SEO plugin. -->","yoast_head_json":{"title":"Sal\u00e1rio de Neymar - N\u0435ym\u0430r","robots":{"index":"index","follow":"follow","max-snippet":"max-snippet:-1","max-image-preview":"max-image-preview:large","max-video-preview":"max-video-preview:-1"},"canonical":"https:\/\/neymarjr.org\/pt-br\/neymar-salary\/","og_locale":"pt_BR","og_type":"article","og_title":"Sal\u00e1rio de Neymar - N\u0435ym\u0430r","og_description":"De acordo com a Forbes, Neymar destina um montante estimado de $95,5 milh\u00f5es: \u2013 Sal\u00e1rio de Barcelona: $17,6 M \u2013 Endossos (acordos publicit\u00e1rios): $16 M &hellip;","og_url":"https:\/\/neymarjr.org\/pt-br\/neymar-salary\/","og_site_name":"N\u0435ym\u0430r","article_modified_time":"2021-05-11T09:41:55+00:00","og_image":[{"url":"https:\/\/neymarjr.org\/wp-content\/uploads\/2021\/03\/Neymar-Salary-featured-750x400.jpg","type":"","width":"","height":""}],"twitter_card":"summary_large_image","schema":{"@context":"https:\/\/schema.org","@graph":[{"@type":"WebPage","@id":"https:\/\/neymarjr.org\/pt-br\/neymar-salary\/","url":"https:\/\/neymarjr.org\/pt-br\/neymar-salary\/","name":"Sal\u00e1rio de Neymar - N\u0435ym\u0430r","isPartOf":{"@id":"https:\/\/neymarjr.org\/#website"},"primaryImageOfPage":{"@id":"https:\/\/neymarjr.org\/pt-br\/neymar-salary\/#primaryimage"},"image":{"@id":"https:\/\/neymarjr.org\/pt-br\/neymar-salary\/#primaryimage"},"thumbnailUrl":"https:\/\/neymarjr.org\/wp-content\/uploads\/2021\/03\/Neymar-Salary-featured-750x400.jpg","datePublished":"2021-03-22T09:51:36+00:00","dateModified":"2021-05-11T09:41:55+00:00","breadcrumb":{"@id":"https:\/\/neymarjr.org\/pt-br\/neymar-salary\/#breadcrumb"},"inLanguage":"pt-BR","potentialAction":[{"@type":"ReadAction","target":["https:\/\/neymarjr.org\/pt-br\/neymar-salary\/"]}]},{"@type":"ImageObject","inLanguage":"pt-BR","@id":"https:\/\/neymarjr.org\/pt-br\/neymar-salary\/#primaryimage","url":"https:\/\/neymarjr.org\/wp-content\/uploads\/2021\/03\/Neymar-Salary-featured-750x400.jpg","contentUrl":"https:\/\/neymarjr.org\/wp-content\/uploads\/2021\/03\/Neymar-Salary-featured-750x400.jpg"},{"@type":"BreadcrumbList","@id":"https:\/\/neymarjr.org\/pt-br\/neymar-salary\/#breadcrumb","itemListElement":[{"@type":"ListItem","position":1,"name":"Home","item":"https:\/\/neymarjr.org\/"},{"@type":"ListItem","position":2,"name":"Sal\u00e1rio de Neymar"}]},{"@type":"WebSite","@id":"https:\/\/neymarjr.org\/#website","url":"https:\/\/neymarjr.org\/","name":"N\u0435ym\u0430r","description":"","publisher":{"@id":"https:\/\/neymarjr.org\/#organization"},"potentialAction":[{"@type":"SearchAction","target":{"@type":"EntryPoint","urlTemplate":"https:\/\/neymarjr.org\/?s={search_term_string}"},"query-input":{"@type":"PropertyValueSpecification","valueRequired":true,"valueName":"search_term_string"}}],"inLanguage":"pt-BR"},{"@type":"Organization","@id":"https:\/\/neymarjr.org\/#organization","name":"N\u0435ym\u0430r","url":"https:\/\/neymarjr.org\/","logo":{"@type":"ImageObject","inLanguage":"pt-BR","@id":"https:\/\/neymarjr.org\/#\/schema\/logo\/image\/","url":"https:\/\/neymarjr.org\/wp-content\/uploads\/2021\/03\/Group-31.png","contentUrl":"https:\/\/neymarjr.org\/wp-content\/uploads\/2021\/03\/Group-31.png","width":154,"height":36,"caption":"N\u0435ym\u0430r"},"image":{"@id":"https:\/\/neymarjr.org\/#\/schema\/logo\/image\/"}}]}},"_links":{"self":[{"href":"https:\/\/neymarjr.org\/pt-br\/wp-json\/wp\/v2\/pages\/382","targetHints":{"allow":["GET"]}}],"collection":[{"href":"https:\/\/neymarjr.org\/pt-br\/wp-json\/wp\/v2\/pages"}],"about":[{"href":"https:\/\/neymarjr.org\/pt-br\/wp-json\/wp\/v2\/types\/page"}],"author":[{"embeddable":true,"href":"https:\/\/neymarjr.org\/pt-br\/wp-json\/wp\/v2\/users\/3"}],"replies":[{"embeddable":true,"href":"https:\/\/neymarjr.org\/pt-br\/wp-json\/wp\/v2\/comments?post=382"}],"version-history":[{"count":2,"href":"https:\/\/neymarjr.org\/pt-br\/wp-json\/wp\/v2\/pages\/382\/revisions"}],"predecessor-version":[{"id":639,"href":"https:\/\/neymarjr.org\/pt-br\/wp-json\/wp\/v2\/pages\/382\/revisions\/639"}],"wp:attachment":[{"href":"https:\/\/neymarjr.org\/pt-br\/wp-json\/wp\/v2\/media?parent=382"}],"curies":[{"name":"wp","href":"https:\/\/api.w.org\/{rel}","templated":true}]}}